{"id":19,"date":"2017-11-14T15:14:52","date_gmt":"2017-11-14T14:14:52","guid":{"rendered":"http:\/\/bhd.bzh\/?page_id=19"},"modified":"2025-10-30T19:19:45","modified_gmt":"2025-10-30T18:19:45","slug":"accueil","status":"publish","type":"page","link":"http:\/\/bhd.bzh\/","title":{"rendered":"Accueil"},"content":{"rendered":"<p>Bonjour et bienvenue,<\/p>\n<p>Vous vendez, louez ou r\u00e9alisez des travaux sur votre bien ?<\/p>\n<p>Nous r\u00e9alisons, pour vous, les diagnostics obligatoires : Diagnostic de Performance \u00c9nerg\u00e9tique (DPE) et Audit \u00c9nerg\u00e9tique, Amiante, \u00c9tat parasitaire (champignons lignivores et insectes xylophages), \u00c9lectricit\u00e9, Gaz, Plomb dans les peintures, mesurages de surfaces, &#8230;<\/p>\n<p>Vous trouverez ici les informations dont vous avez besoin pour vos d\u00e9marches et vous pouvez faire votre demande de rappel directement en ligne <a href=\"https:\/\/bhd-diagnostic.liciweb.com\/extranet-acces\/commande\/wizard\">en cliquant ici<\/a>.<\/p>\n<p>Vous pouvez aussi nous contacter directement par mail <a href=\"mailto:bhd@orange.fr\">bhd@orange.fr<\/a>, ou par t\u00e9l\u00e9phone au 02 98 93 24 56.<\/p>\n<p>A bient\u00f4t<\/p>\n","protected":false},"excerpt":{"rendered":"<p>Bonjour et bienvenue, Vous vendez, louez ou r\u00e9alisez des travaux sur votre bien ? Nous r\u00e9alisons, pour vous, les diagnostics obligatoires : Diagnostic de Performance \u00c9nerg\u00e9tique (DPE) et Audit \u00c9nerg\u00e9tique, Amiante, \u00c9tat parasitaire (champignons lignivores et insectes xylophages), \u00c9lectricit\u00e9, Gaz, Plomb dans les peintures, mesurages de surfaces, &#8230; Vous trouverez ici les informations dont vous &hellip; <\/p>\n<p class=\"link-more\"><a href=\"http:\/\/bhd.bzh\/\" class=\"more-link\">Continue reading<span class=\"screen-reader-text\"> &#8220;Accueil&#8221;<\/span><\/a><\/p>\n","protected":false},"author":1,"featured_media":0,"parent":0,"menu_order":0,"comment_status":"closed","ping_status":"closed","template":"","meta":[],"_links":{"self":[{"href":"http:\/\/bhd.bzh\/index.php\/wp-json\/wp\/v2\/pages\/19"}],"collection":[{"href":"http:\/\/bhd.bzh\/index.php\/wp-json\/wp\/v2\/pages"}],"about":[{"href":"http:\/\/bhd.bzh\/index.php\/wp-json\/wp\/v2\/types\/page"}],"author":[{"embeddable":true,"href":"http:\/\/bhd.bzh\/index.php\/wp-json\/wp\/v2\/users\/1"}],"replies":[{"embeddable":true,"href":"http:\/\/bhd.bzh\/index.php\/wp-json\/wp\/v2\/comments?post=19"}],"version-history":[{"count":23,"href":"http:\/\/bhd.bzh\/index.php\/wp-json\/wp\/v2\/pages\/19\/revisions"}],"predecessor-version":[{"id":332,"href":"http:\/\/bhd.bzh\/index.php\/wp-json\/wp\/v2\/pages\/19\/revisions\/332"}],"wp:attachment":[{"href":"http:\/\/bhd.bzh\/index.php\/wp-json\/wp\/v2\/media?parent=19"}],"curies":[{"name":"wp","href":"https:\/\/api.w.org\/{rel}","templated":true}]}}