{"id":135,"date":"2024-09-04T13:31:49","date_gmt":"2024-09-04T11:31:49","guid":{"rendered":"http:\/\/bhd.bzh\/?page_id=135"},"modified":"2024-09-04T13:40:49","modified_gmt":"2024-09-04T11:40:49","slug":"validite-des-diagnostics","status":"publish","type":"page","link":"http:\/\/bhd.bzh\/index.php\/validite-des-diagnostics\/","title":{"rendered":"Validit\u00e9 des Diagnostics"},"content":{"rendered":"<p><strong>Diagnostic de Performance \u00e9nerg\u00e9tique <\/strong><\/p>\n<p>Depuis le 1er juillet 2021, le nouveau DPE mis en place modifie la validit\u00e9 des DPE \u00e9dit\u00e9s avant cette date :\u00a0<\/p>\n\n\n<ul>\n<li>les DPE r\u00e9alis\u00e9s jusqu&#8217;au 31 d\u00e9cembre 2017 ne sont plus valables,<\/li>\n\n\n\n<li>les DPE r\u00e9alis\u00e9s entre le 1er janvier 2018 et le 30 juin 2021 sont valables jusqu&#8217;au 31 d\u00e9cembre 2024,<\/li>\n\n\n\n<li>les DPE r\u00e9alis\u00e9s \u00e0 partir du 1 juillet 2021 sont valables 10 ans.<\/li>\n<\/ul>\n\n\n<p>\u00a0<\/p>\n<p><strong>Audit \u00e9nerg\u00e9tique<\/strong><\/p>\n<p>Valable 5 ans.\u00a0<\/p>\n<p><strong>Rep\u00e9rage amiante avant-vente<\/strong><\/p>\n<p>Les Rapports doivent \u00eatres r\u00e9alis\u00e9s apr\u00e8s le 1er janvier 2013 (modification de la r\u00e9glementation &#8211; Liste A et Liste B &#8211; cf. Annexe 13-9 du Code de la Sant\u00e9 Publique)<\/p>\n<p>Information compl\u00e9mentaire :\u00a0 les textes ont pr\u00e9vu plusieurs cadres r\u00e9glementaires pour le rep\u00e9rage des mat\u00e9riaux ou produits contenant de l\u2019amiante, notamment pour les cas de d\u00e9molition d\u2019immeuble. <strong>La mission de rep\u00e9rage avant-vente ne r\u00e9pond pas aux exigences pr\u00e9vues pour les missions de rep\u00e9rage des mat\u00e9riaux et produits contenant de l\u2019amiante avant d\u00e9molition d\u2019immeuble ou avant r\u00e9alisation de travaux dans l&#8217;immeuble concern\u00e9 et son rapport ne peut donc pas \u00eatre utilis\u00e9 \u00e0 ces fins.<\/strong><\/p>\n<p>si pr\u00e9sence de mat\u00e9riaux de la liste A : surveillance de l\u2019\u00e9tat de conservation \u2013 cf. 7.4 Annexe aux rapports<\/p>\n<p>Si pr\u00e9sence de mat\u00e9riaux de la liste B ou C : \u00c9valuation p\u00e9riodique recommand\u00e9e \u2013 cf. 7.4 Annexe aux rapports<\/p>\n<p>Si absence de mat\u00e9riaux : Illimit\u00e9e (hors modification de la r\u00e9glementation applicable).<\/p>\n<p><strong>Constat de risque d&#8217;exposition au plomb <\/strong>:<\/p>\n<p>Si pr\u00e9sence de rev\u00eatement contenant du plomb :<\/p>\n<p>Valable 1 an pour la vente et 6 ans pour la location.<\/p>\n<p>Si absence de rev\u00eatement contenant du plomb :<\/p>\n<p>Illimit\u00e9 pour la vente et la location.<\/p>\n<p><strong>Etat parasitaire <\/strong>:<\/p>\n<p>Rapport utilisable 6 mois.\u00a0<\/p>\n<p><strong>Etat des Risques et Pollutions<\/strong> :<\/p>\n<p>Valable 6 mois pour la vente et la location<\/p>\n<p><strong>Diagnostic gaz : <\/strong><\/p>\n<p>Valable 3 ans pour la vente et 6 ans pour la location.<\/p>\n<p><strong>Diagnostic \u00c9lectricit\u00e9 : <\/strong><\/p>\n<p>Valable 3 ans pour la vente et 6 ans pour la location.<\/p>","protected":false},"excerpt":{"rendered":"<p>Diagnostic de Performance \u00e9nerg\u00e9tique Depuis le 1er juillet 2021, le nouveau DPE mis en place modifie la validit\u00e9 des DPE \u00e9dit\u00e9s avant cette date :\u00a0 \u00a0 Audit \u00e9nerg\u00e9tique Valable 5 ans.\u00a0 Rep\u00e9rage amiante avant-vente Les Rapports doivent \u00eatres r\u00e9alis\u00e9s apr\u00e8s le 1er janvier 2013 (modification de la r\u00e9glementation &#8211; Liste A et Liste B &#8211; &hellip; <\/p>\n<p class=\"link-more\"><a href=\"http:\/\/bhd.bzh\/index.php\/validite-des-diagnostics\/\" class=\"more-link\">Continue reading<span class=\"screen-reader-text\"> &#8220;Validit\u00e9 des Diagnostics&#8221;<\/span><\/a><\/p>\n","protected":false},"author":1,"featured_media":0,"parent":0,"menu_order":0,"comment_status":"closed","ping_status":"closed","template":"","meta":[],"_links":{"self":[{"href":"http:\/\/bhd.bzh\/index.php\/wp-json\/wp\/v2\/pages\/135"}],"collection":[{"href":"http:\/\/bhd.bzh\/index.php\/wp-json\/wp\/v2\/pages"}],"about":[{"href":"http:\/\/bhd.bzh\/index.php\/wp-json\/wp\/v2\/types\/page"}],"author":[{"embeddable":true,"href":"http:\/\/bhd.bzh\/index.php\/wp-json\/wp\/v2\/users\/1"}],"replies":[{"embeddable":true,"href":"http:\/\/bhd.bzh\/index.php\/wp-json\/wp\/v2\/comments?post=135"}],"version-history":[{"count":16,"href":"http:\/\/bhd.bzh\/index.php\/wp-json\/wp\/v2\/pages\/135\/revisions"}],"predecessor-version":[{"id":318,"href":"http:\/\/bhd.bzh\/index.php\/wp-json\/wp\/v2\/pages\/135\/revisions\/318"}],"wp:attachment":[{"href":"http:\/\/bhd.bzh\/index.php\/wp-json\/wp\/v2\/media?parent=135"}],"curies":[{"name":"wp","href":"https:\/\/api.w.org\/{rel}","templated":true}]}}